{"id":710,"date":"2023-02-11T17:07:18","date_gmt":"2023-02-11T17:07:18","guid":{"rendered":"https:\/\/www.cca-lyon.org\/presentation\/"},"modified":"2023-04-25T09:11:14","modified_gmt":"2023-04-25T09:11:14","slug":"about","status":"publish","type":"page","link":"https:\/\/cca-lyon.org\/en\/about\/","title":{"rendered":"A propos"},"content":{"rendered":"\n<div class=\"wp-block-columns is-layout-flex wp-container-core-columns-is-layout-9d6595d7 wp-block-columns-is-layout-flex\">\n<div class=\"wp-block-column is-layout-flow wp-block-column-is-layout-flow\" style=\"flex-basis:100%\">\n<div class=\"wp-block-columns is-layout-flex wp-container-core-columns-is-layout-9d6595d7 wp-block-columns-is-layout-flex\">\n<div class=\"wp-block-column is-layout-flow wp-block-column-is-layout-flow\" style=\"flex-basis:100%\">\n<div class=\"wp-block-group\"><div class=\"wp-block-group__inner-container is-layout-constrained wp-block-group-is-layout-constrained\">\n<div class=\"wp-block-columns are-vertically-aligned-top is-layout-flex wp-container-core-columns-is-layout-9d6595d7 wp-block-columns-is-layout-flex\">\n<div class=\"wp-block-column is-vertically-aligned-top is-layout-flow wp-block-column-is-layout-flow\" style=\"flex-basis:33.33%\">\n<nav id=\"sidenav\">\n<ul>\n<li><a href=\"#historique\">historic<\/a><\/li>\n<li><a href=\"#valeurs\"> Values and goals<\/a><\/li>\n<li><a href=\"#ressources\"> Resources<\/a><\/li>\n<li><a href=\"#pole\">Centers of activity<\/a><\/li>\n<li><a href=\"#bureau\">The members of the office<\/a><\/li>\n<li><a href=\"#adherer\">Membership &#038; Volunteering<\/a><\/li>\n<li><a href=\"#partenaires\">Our partners<\/a><\/li>\n<\/ul>\n<\/nav>\n<\/div>\n\n\n\n<div class=\"wp-block-column is-vertically-aligned-top is-layout-flow wp-block-column-is-layout-flow\" style=\"flex-basis:66.66%\">\n<a name=\"historique\"><\/a>\n\n\n\n<h2 class=\"wp-block-heading\">Historic<\/h2>\n\n\n\n<p>The Carrefour des Cultures Africaines (CCA) is a \u201c1901 Law\u201d type association, founded in November 2017, following the closure of the <a rel=\"noreferrer noopener\" href=\"https:\/\/www.musee-africain-lyon.org\" target=\"_blank\">African Museum<\/a>. Situ\u00e9 au sein de la Maison Internationale Missionnaire \u00e0 Lyon, le CCA s\u2019inscrit dans la culture du dialogue et de la rencontre, port\u00e9e par la <a href=\"https:\/\/www.missions-africaines.net\" target=\"_blank\" rel=\"noreferrer noopener\">Society of African Missions (SMA).<\/a><\/p>\n\n\n\n<figure class=\"wp-block-image size-large\"><img fetchpriority=\"high\" decoding=\"async\" width=\"1024\" height=\"576\" src=\"https:\/\/cca-lyon.org\/wp-content\/uploads\/2023\/04\/journee-pensee-magique-et-sorcellerie-programmation-culturelle-lyon-CCA-1024x576.png\" alt=\"Conf\u00e9rence pens\u00e9e magique et sorcellerie 2022\" class=\"wp-image-496\" srcset=\"https:\/\/cca-lyon.org\/wp-content\/uploads\/2023\/04\/journee-pensee-magique-et-sorcellerie-programmation-culturelle-lyon-CCA-1024x576.png 1024w, https:\/\/cca-lyon.org\/wp-content\/uploads\/2023\/04\/journee-pensee-magique-et-sorcellerie-programmation-culturelle-lyon-CCA-300x169.png 300w, https:\/\/cca-lyon.org\/wp-content\/uploads\/2023\/04\/journee-pensee-magique-et-sorcellerie-programmation-culturelle-lyon-CCA-768x432.png 768w, https:\/\/cca-lyon.org\/wp-content\/uploads\/2023\/04\/journee-pensee-magique-et-sorcellerie-programmation-culturelle-lyon-CCA-1536x863.png 1536w, https:\/\/cca-lyon.org\/wp-content\/uploads\/2023\/04\/journee-pensee-magique-et-sorcellerie-programmation-culturelle-lyon-CCA-2048x1151.png 2048w\" sizes=\"(max-width: 1024px) 100vw, 1024px\" \/><\/figure>\n\n\n\n<a name=\"valeurs\"><\/a>\n\n\n\n<div style=\"height:70px\" aria-hidden=\"true\" class=\"wp-block-spacer\"><\/div>\n\n\n\n<h2 class=\"wp-block-heading\">Values and goals<\/h2>\n\n\n\n<p>The arts of the African peoples convey these values, universal values, witnesses of their encounters with the cultures of the world.<\/p>\n\n\n\n<p>Also the promotion of this cultural heritage without borders at the heart of our cultural projects in France and abroad.<\/p>\n\n\n\n<p>As much as yesterday, the values of living together make sense today! Living together is doing together, changing together, it is a source of joy and creativity.<\/p>\n\n\n\n<div style=\"height:50px\" aria-hidden=\"true\" class=\"wp-block-spacer\"><\/div>\n\n\n\n<blockquote class=\"wp-block-quote is-layout-flow wp-block-quote-is-layout-flow\">\n<p>\u00ab Building bridges between cultures and peoples to facilitate good living together is our commitment to everyone, particularly to young people. \u00bb<\/p>\n<\/blockquote>\n\n\n\n<a name=\"ressources\"><\/a>\n\n\n\n<div style=\"height:70px\" aria-hidden=\"true\" class=\"wp-block-spacer\"><\/div>\n\n\n\n<h2 class=\"wp-block-heading\">Resources<\/h2>\n\n\n\n<ul class=\"wp-block-list\">\n<li>A unique history, that of the African Missions, more than 160 years of life with the African peoples.<\/li>\n\n\n\n<li>A rich heritage fund made up of:<br>&#8211; Rare museum collections dedicated to the Arts and Cultures of West Africa (9000 objects) <br>&#8211; A rich library of specialized collections around major themes (anthropology, literature, philosophy, arts, religions, etc.) and an audiovisual archive fund<\/li>\n\n\n\n<li>A large network of teacher-researchers and experts in France and abroad<\/li>\n\n\n\n<li>An exceptional site in the center of Lyon with the SARRAOUNIA cultural center and rooms available for hire.<\/li>\n<\/ul>\n\n\n\n<div style=\"height:50px\" aria-hidden=\"true\" class=\"wp-block-spacer\"><\/div>\n\n\n\n<a name=\"pole\"><\/a>\n\n\n\n<div style=\"height:70px\" aria-hidden=\"true\" class=\"wp-block-spacer\"><\/div>\n\n\n\n<h2 class=\"wp-block-heading\">Centers of activity<\/h2>\n\n\n\n<h3 class=\"wp-block-heading\">Our cultural programming is based on 3 poles:<\/h3>\n\n\n\n<div class=\"color-dot\">\n<a href=\"\" class=\"violet\"><strong>Meeting<\/strong> conferences, round tables, symposiums, seminars<\/a>\n<a href=\"\" class=\"orange\"><strong>Events<\/strong> exhibitions, concerts, events<\/a>\n<a href=\"\" class=\"bleu\"><strong>Documentation<\/strong> Library, archives, publications, mediation<\/a>\n<\/div>\n\n\n\n<a name=\"bureau\"><\/a>\n\n\n\n<div style=\"height:70px\" aria-hidden=\"true\" class=\"wp-block-spacer\"><\/div>\n\n\n\n<h2 class=\"wp-block-heading\">The members of the office<\/h2>\n\n\n\n<div class=\"vignette\">\n<dl>\n<dd><img decoding=\"async\" src=\"\/wp-content\/uploads\/2023\/04\/no-img.png\"><\/dd>\n<dt><strong>Michel Cartat\u00e9guy<\/strong>President<\/dt>\n<\/dl>\n<dl>\n<dd><img decoding=\"async\" src=\"\/wp-content\/uploads\/2023\/04\/no-img.png\"><\/dd>\n<dt><strong>R\u00e9gine Rouch<\/strong>Secretary<\/dt>\n<\/dl>\n<dl>\n<dd><img decoding=\"async\" src=\"\/wp-content\/uploads\/2023\/04\/no-img.png\"><\/dd>\n<dt><strong>Fran\u00e7ois Pillard<\/strong>Treasurer<\/dt>\n<\/dl>\n<\/div>\n\n\n\n<a name=\"equipe\"><\/a>\n\n\n\n<div style=\"height:70px\" aria-hidden=\"true\" class=\"wp-block-spacer\"><\/div>\n\n\n\n<h2 class=\"wp-block-heading\">The team<\/h2>\n\n\n\n<div class=\"vignette\">\n<dl>\n<dd><img decoding=\"async\" src=\"\/wp-content\/uploads\/2023\/04\/no-img.png\"><\/dd>\n<dt><strong>Jean-paul Kpatcha<\/strong>Director<\/dt>\n<\/dl>\n<dl>\n<dd><img decoding=\"async\" src=\"\/wp-content\/uploads\/2023\/04\/no-img.png\"><\/dd>\n<dt><strong>Laurick Zerbini<\/strong>Programming<\/dt>\n<\/dl>\n<dl>\n<dd><img decoding=\"async\" src=\"\/wp-content\/uploads\/2023\/04\/no-img.png\"><\/dd>\n<dt><strong>R\u00e9gine Rouch<\/strong>Partnerships<\/dt>\n<\/dl>\n<dl>\n<dd><img decoding=\"async\" src=\"\/wp-content\/uploads\/2023\/04\/no-img.png\"><\/dd>\n<dt><strong>Alo\u00efs Kituba<\/strong>Documentation<\/dt>\n<\/dl>\n<dl>\n<dd><img decoding=\"async\" src=\"\/wp-content\/uploads\/2023\/04\/no-img.png\"><\/dd>\n<dt><strong>Caroline Faysse<\/strong>Communication<\/dt>\n<\/dl>\n<\/div>\n\n\n\n<a name=\"adherer\"><\/a>\n\n\n\n<div style=\"height:70px\" aria-hidden=\"true\" class=\"wp-block-spacer\"><\/div>\n\n\n\n<h2 class=\"wp-block-heading\">Membership &amp; Volunteering<\/h2>\n\n\n\n<p>Currently, the CCA is funded by its members; its activities are carried out by a small group of volunteers. We would like to develop our projects and go further.<\/p>\n\n\n\n<h3 class=\"wp-block-heading\">If you share our values and would like to get involved with us, you can:<\/h3>\n\n\n\n<ul class=\"wp-block-list\">\n<li><a href=\"https:\/\/www.cca-lyon.org\/infos-pratiques\/#adhesion\">Join<\/a> and relay our projects in your networks<\/li>\n\n\n\n<li>Become a volunteer to strengthen our teams within the three areas of activity<\/li>\n\n\n\n<li>Donate to the online account on <a href=\"http:\/\/carrefour-des-cultures-africaines-cca\" data-type=\"URL\" data-id=\"carrefour-des-cultures-africaines-cca\">helloasso:<\/a><a rel=\"noreferrer noopener\" href=\"http:\/\/carrefour-des-cultures-africaines-cca\" data-type=\"URL\" data-id=\"carrefour-des-cultures-africaines-cca\" target=\"_blank\">carrefour-des-cultures-africaines-cca<\/a><\/li>\n<\/ul>\n\n\n\n<a name=\"partenaires\"><\/a>\n\n\n\n<div style=\"height:70px\" aria-hidden=\"true\" class=\"wp-block-spacer\"><\/div>\n\n\n\n<h2 class=\"wp-block-heading\">Our partners<\/h2>\n\n\n\n<p>The various cultural projects of the CCA are carried out with public and private partners, associative actors in a strong dynamic of cooperation.<\/p>\n\n\n\n<h3 class=\"wp-block-heading\">We support interns and volunteers from the Service Civique as part of our various activities.<\/h3>\n\n\n\n<div style=\"height:50px\" aria-hidden=\"true\" class=\"wp-block-spacer\"><\/div>\n\n\n\n<figure class=\"wp-block-gallery has-nested-images columns-default is-cropped wp-block-gallery-1 is-layout-flex wp-block-gallery-is-layout-flex\">\n<figure class=\"wp-block-image size-large\"><img decoding=\"async\" width=\"232\" height=\"206\" data-id=\"627\" src=\"https:\/\/cca-lyon.org\/wp-content\/uploads\/2023\/04\/logo-partenaire-CCA-africa-50-Lyon.png\" alt=\"\" class=\"wp-image-627\"\/><\/figure>\n\n\n\n<figure class=\"wp-block-image size-large\"><img decoding=\"async\" width=\"262\" height=\"210\" data-id=\"620\" src=\"https:\/\/cca-lyon.org\/wp-content\/uploads\/2023\/04\/logo-partenaire-CCA-bibliotheque-de-lyon.png\" alt=\"\" class=\"wp-image-620\"\/><\/figure>\n\n\n\n<figure class=\"wp-block-image size-large\"><img loading=\"lazy\" decoding=\"async\" width=\"246\" height=\"196\" data-id=\"622\" src=\"https:\/\/cca-lyon.org\/wp-content\/uploads\/2023\/04\/logo-partenaire-CCA-amis-des-cultures-et-arts-premiers.png\" alt=\"\" class=\"wp-image-622\"\/><\/figure>\n\n\n\n<figure class=\"wp-block-image size-large\"><img loading=\"lazy\" decoding=\"async\" width=\"258\" height=\"208\" data-id=\"631\" src=\"https:\/\/cca-lyon.org\/wp-content\/uploads\/2023\/04\/logo-partenaire-CCA-coexister.png\" alt=\"\" class=\"wp-image-631\"\/><\/figure>\n\n\n\n<figure class=\"wp-block-image size-large\"><img loading=\"lazy\" decoding=\"async\" width=\"264\" height=\"212\" data-id=\"618\" src=\"https:\/\/cca-lyon.org\/wp-content\/uploads\/2023\/04\/logo-partenaire-CCA-musee-arts-afrique-et-asie.png\" alt=\"\" class=\"wp-image-618\"\/><\/figure>\n\n\n\n<figure class=\"wp-block-image size-large\"><img loading=\"lazy\" decoding=\"async\" width=\"1024\" height=\"852\" data-id=\"603\" src=\"https:\/\/cca-lyon.org\/wp-content\/uploads\/2023\/04\/LOGO_RGB_imagetxt-2-1024x852.png\" alt=\"\" class=\"wp-image-603\" srcset=\"https:\/\/cca-lyon.org\/wp-content\/uploads\/2023\/04\/LOGO_RGB_imagetxt-2-1024x852.png 1024w, https:\/\/cca-lyon.org\/wp-content\/uploads\/2023\/04\/LOGO_RGB_imagetxt-2-300x250.png 300w, https:\/\/cca-lyon.org\/wp-content\/uploads\/2023\/04\/LOGO_RGB_imagetxt-2-768x639.png 768w, https:\/\/cca-lyon.org\/wp-content\/uploads\/2023\/04\/LOGO_RGB_imagetxt-2-1536x1278.png 1536w\" sizes=\"(max-width: 1024px) 100vw, 1024px\" \/><\/figure>\n\n\n\n<figure class=\"wp-block-image size-large\"><img loading=\"lazy\" decoding=\"async\" width=\"264\" height=\"212\" data-id=\"619\" src=\"https:\/\/cca-lyon.org\/wp-content\/uploads\/2023\/04\/logo-partenaire-CCA-cinema-fabrique.png\" alt=\"\" class=\"wp-image-619\"\/><\/figure>\n\n\n\n<figure class=\"wp-block-image size-large\"><img loading=\"lazy\" decoding=\"async\" width=\"240\" height=\"182\" data-id=\"629\" src=\"https:\/\/cca-lyon.org\/wp-content\/uploads\/2023\/04\/logo-partenaire-CCA-institut-afrique-monde.png\" alt=\"\" class=\"wp-image-629\"\/><\/figure>\n\n\n\n<figure class=\"wp-block-image size-large\"><img loading=\"lazy\" decoding=\"async\" width=\"262\" height=\"210\" data-id=\"613\" src=\"https:\/\/cca-lyon.org\/wp-content\/uploads\/2023\/04\/logo-partenaire-CCA-service-civique.png\" alt=\"\" class=\"wp-image-613\"\/><\/figure>\n\n\n\n<figure class=\"wp-block-image size-large\"><img loading=\"lazy\" decoding=\"async\" width=\"216\" height=\"190\" data-id=\"630\" src=\"https:\/\/cca-lyon.org\/wp-content\/uploads\/2023\/04\/logo-partenaire-CCA-.png\" alt=\"\" class=\"wp-image-630\"\/><\/figure>\n\n\n\n<figure class=\"wp-block-image size-large\"><img loading=\"lazy\" decoding=\"async\" width=\"268\" height=\"212\" data-id=\"614\" src=\"https:\/\/cca-lyon.org\/wp-content\/uploads\/2023\/04\/logo-partenaire-CCA-tribal-show.png\" alt=\"\" class=\"wp-image-614\"\/><\/figure>\n\n\n\n<figure class=\"wp-block-image size-large\"><img loading=\"lazy\" decoding=\"async\" width=\"244\" height=\"174\" data-id=\"635\" src=\"https:\/\/cca-lyon.org\/wp-content\/uploads\/2023\/04\/logo-partenaire-CCA-ISERL.png\" alt=\"\" class=\"wp-image-635\"\/><\/figure>\n<\/figure>\n<\/div>\n<\/div>\n\n\n\n<p><\/p>\n<\/div><\/div>\n<\/div>\n<\/div>\n<\/div>\n<\/div>\n","protected":false},"excerpt":{"rendered":"<p>historic Values and goals Resources Centers of activity The members of the office Membership &#038; Volunteering Our partners Historic The Carrefour des Cultures Africaines (CCA) is a \u201c1901 Law\u201d type association, founded in November 2017, following the closure of the African Museum. Situ\u00e9 au sein de la Maison Internationale Missionnaire \u00e0 Lyon, le CCA s\u2019inscrit dans la culture du dialogue et de la rencontre, port\u00e9e par la Society of African Missions (SMA). Values and goals The arts of the African peoples convey these values, universal values, witnesses of their encounters with the cultures of the world. Also the promotion of this cultural heritage without borders at the heart of our cultural projects in France and abroad. As much as yesterday, the values of living together make sense today! Living together is doing together, changing together, it is a source of joy and creativity. \u00ab Building bridges between cultures and peoples to facilitate good living together is our commitment to everyone, particularly to young people. \u00bb Resources Centers of activity Our cultural programming is based on 3 poles: Meeting conferences, round tables, symposiums, seminars Events exhibitions, concerts, events Documentation Library, archives, publications, mediation The members of the office Michel Cartat\u00e9guyPresident R\u00e9gine RouchSecretary Fran\u00e7ois PillardTreasurer The team Jean-paul KpatchaDirector Laurick ZerbiniProgramming R\u00e9gine RouchPartnerships Alo\u00efs KitubaDocumentation Caroline FaysseCommunication Membership &amp; Volunteering Currently, the CCA is funded by its members; its activities are carried out by a small group of volunteers. We would like to develop our projects and go further. If you share our values and would like to get involved with us, you can: Our partners The various cultural projects of the CCA are carried out with public and private partners, associative actors in a strong dynamic of cooperation. We support interns and volunteers from the Service Civique as part of our various activities.<\/p>\n","protected":false},"author":1,"featured_media":423,"parent":0,"menu_order":0,"comment_status":"closed","ping_status":"closed","template":"","meta":{"footnotes":""},"class_list":["post-710","page","type-page","status-publish","has-post-thumbnail","hentry"],"acf":[],"_links":{"self":[{"href":"https:\/\/cca-lyon.org\/en\/wp-json\/wp\/v2\/pages\/710","targetHints":{"allow":["GET"]}}],"collection":[{"href":"https:\/\/cca-lyon.org\/en\/wp-json\/wp\/v2\/pages"}],"about":[{"href":"https:\/\/cca-lyon.org\/en\/wp-json\/wp\/v2\/types\/page"}],"author":[{"embeddable":true,"href":"https:\/\/cca-lyon.org\/en\/wp-json\/wp\/v2\/users\/1"}],"replies":[{"embeddable":true,"href":"https:\/\/cca-lyon.org\/en\/wp-json\/wp\/v2\/comments?post=710"}],"version-history":[{"count":1,"href":"https:\/\/cca-lyon.org\/en\/wp-json\/wp\/v2\/pages\/710\/revisions"}],"predecessor-version":[{"id":712,"href":"https:\/\/cca-lyon.org\/en\/wp-json\/wp\/v2\/pages\/710\/revisions\/712"}],"wp:featuredmedia":[{"embeddable":true,"href":"https:\/\/cca-lyon.org\/en\/wp-json\/wp\/v2\/media\/423"}],"wp:attachment":[{"href":"https:\/\/cca-lyon.org\/en\/wp-json\/wp\/v2\/media?parent=710"}],"curies":[{"name":"wp","href":"https:\/\/api.w.org\/{rel}","templated":true}]}}